{"id":20,"date":"2019-05-28T19:23:47","date_gmt":"2019-05-28T19:23:47","guid":{"rendered":"http:\/\/psychotherapie-neckarsulm.de\/?page_id=20"},"modified":"2023-01-11T07:41:47","modified_gmt":"2023-01-11T07:41:47","slug":"datenschutzerklaerung","status":"publish","type":"page","link":"https:\/\/psychotherapie-neckarsulm.de\/?page_id=20","title":{"rendered":"Datenschutzerkl\u00e4rung"},"content":{"rendered":"\n<h3 class=\"has-small-font-size wp-block-heading\">Die Adresse unserer Website ist: http:\/\/psychotherapie-neckarsulm.de. Die Verantwortliche und gleichzeitig Datenschutzbeauftragte im Sinne der Datenschutz-Grundverordnung (DSGVO) und  anderer nationaler Datenschutzgesetze der Mitgliedsstaaten sowie  sonstiger datenschutz\u00adrecht\u00adlicher Bestimmungen ist: Karolin-Sofie Evers, Peter-Heinrich-Merckle-Str. 22, 74172 Neckarsulm, Telefon 01520 1517527, karolin.evers(at)web.de <\/h3>\n\n\n\n<p class=\"has-small-font-size wp-block-paragraph\"><strong>1. Umfang der Verarbeitung personenbezogener Daten<\/strong><\/p>\n\n\n\n<p class=\"has-small-font-size wp-block-paragraph\">Wir erheben und verwenden personenbezogene Daten unserer Nutzer \ngrunds\u00e4tzlich nur, soweit dies zur Bereitstellung einer funktionsf\u00e4higen\n Website sowie unserer Inhalte und Leistungen erforderlich ist. Die \nErhebung und Verwendung personenbezogener Daten unserer Nutzer erfolgt \nregelm\u00e4\u00dfig nur nach Einwilligung des Nutzers. Eine Ausnahme gilt in \nsolchen F\u00e4llen, in denen eine vorherige Einholung einer Einwilligung aus\n tats\u00e4chlichen Gr\u00fcnden nicht m\u00f6glich ist und die Verarbeitung der Daten \ndurch gesetzliche Vorschriften gestattet ist. \n<\/p>\n\n\n\n<h4 class=\"has-small-font-size wp-block-heading\">2. Rechtsgrundlage f\u00fcr die Verarbeitung personenbezogener Daten<\/h4>\n\n\n\n<p class=\"has-small-font-size wp-block-paragraph\">Soweit wir f\u00fcr Verarbeitungsvorg\u00e4nge personenbezogener Daten eine \nEinwilligung der betroffenen Person einholen, dient Art. 6 Abs.&nbsp;1 lit. a\n EU-Datenschutzgrundverordnung (DSGVO) als Rechtsgrundlage.\n<\/p>\n\n\n\n<p class=\"has-small-font-size wp-block-paragraph\">Bei der Verarbeitung von personenbezogenen Daten, die zur Erf\u00fcllung \neines Ver\u00adtra\u00adges, dessen Ver\u00adtragspartei die betroffene Person ist, \nerforderlich ist, dient Art. 6 Abs.&nbsp;1 lit. b DSGVO als Rechtsgrundlage. \nDies gilt auch f\u00fcr Verarbeitungsvorg\u00e4nge, die zur Durchf\u00fchrung \nvorvertraglicher Ma\u00dfnahmen erforderlich sind.\n<\/p>\n\n\n\n<p class=\"has-small-font-size wp-block-paragraph\">Soweit eine Verarbeitung personenbezogener Daten zur Erf\u00fcllung einer \nrechtlichen Verpflichtung erforderlich ist, der unser Unternehmen \nunterliegt, dient Art. 6 Abs. 1 lit. c DSGVO als Rechtsgrundlage.\n<\/p>\n\n\n\n<p class=\"has-small-font-size wp-block-paragraph\">F\u00fcr den Fall, dass lebenswichtige Interessen der betroffenen Person \noder einer anderen nat\u00fcrlichen Person eine Verarbeitung \npersonenbezogener Daten erforderlich machen, dient Art. 6 Abs. 1 lit. d \nDSGVO als Rechtsgrundlage.\n<\/p>\n\n\n\n<p class=\"has-small-font-size wp-block-paragraph\">Ist die Verarbeitung zur Wahrung eines berechtigten Interesses \nunseres Unternehmens oder eines Dritten erforderlich und \u00fcberwiegen die \nInteressen, Grundrechte und Grundfreiheiten des Betroffenen das \nerstgenannte Interesse nicht, so dient Art. 6 Abs.&nbsp;1 lit. f DSGVO als \nRechtsgrundlage f\u00fcr die Verarbeitung. \n<\/p>\n\n\n\n<h4 class=\"has-small-font-size wp-block-heading\">3. Datenl\u00f6schung und Speicherdauer<\/h4>\n\n\n\n<p class=\"has-small-font-size wp-block-paragraph\">Die personenbezogenen Daten der betroffenen Person werden gel\u00f6scht \noder gesperrt, sobald der Zweck der Speicherung entf\u00e4llt. Eine \nSpeicherung kann dar\u00fcber hinaus erfolgen, wenn dies durch den \neurop\u00e4ischen oder nationalen Gesetzgeber in unionsrechtlichen \nVerordnungen, Gesetzen oder sonstigen Vorschriften, denen der \nVerantwortliche unterliegt, vorgesehen wurde. Eine Sperrung oder \nL\u00f6schung der Daten erfolgt auch dann, wenn eine durch die genannten \nNormen vorgeschriebene Speicherfrist abl\u00e4uft, es sei denn, dass eine \nErforderlichkeit zur weiteren Speicherung der Daten f\u00fcr einen \nVertragsabschluss oder eine Vertragserf\u00fcllung besteht.<\/p>\n\n\n\n<h3 class=\"has-small-font-size wp-block-heading\">Cookies<\/h3>\n\n\n\n<p class=\"has-small-font-size wp-block-paragraph\">Werden nicht verwendet.<\/p>\n\n\n\n<h3 class=\"has-small-font-size wp-block-heading\">1. Auskunftsrecht<\/h3>\n\n\n\n<p class=\"has-small-font-size wp-block-paragraph\">Sie k\u00f6nnen von dem Verantwortlichen eine Best\u00e4tigung dar\u00fcber \nverlangen, ob personenbezogene Daten, die Sie betreffen, von uns \nverarbeitet werden. \n<\/p>\n\n\n\n<p class=\"has-small-font-size wp-block-paragraph\">Liegt eine solche Verarbeitung vor, k\u00f6nnen Sie von dem Verantwortlichen \u00fcber folgende Informationen Auskunft verlangen:<\/p>\n\n\n\n<ol class=\"has-small-font-size wp-block-list\">\n<li>die Zwecke, zu denen die personenbezogenen Daten verarbeitet werden<\/li>\n\n\n\n<li>die Kategorien von personenbezogenen Daten, welche verarbeitet werden<\/li>\n\n\n\n<li>die\n Empf\u00e4nger bzw. die Kategorien von Empf\u00e4ngern, gegen\u00fcber denen die Sie \nbetreffenden personenbezogenen Daten offengelegt wurden oder noch \noffengelegt werden<\/li>\n\n\n\n<li>die geplante Dauer der Speicherung der Sie \nbetreffenden personenbezogenen Daten oder, falls konkrete Angaben hierzu\n nicht m\u00f6glich sind, Kriterien f\u00fcr die Festlegung der Speicherdauer<\/li>\n\n\n\n<li>das\n Bestehen eines Rechts auf Berichtigung oder L\u00f6schung der Sie \nbetreffenden personenbezogenen Daten, eines Rechts auf Einschr\u00e4nkung der\n Verarbeitung durch den Verantwortlichen oder eines Widerspruchsrechts \ngegen diese Verarbeitung<\/li>\n\n\n\n<li>das Bestehen eines Beschwerderechts bei einer Aufsichtsbeh\u00f6rde<\/li>\n\n\n\n<li>alle\n verf\u00fcgbaren Informationen \u00fcber die Herkunft der Daten, wenn die \npersonenbezogenen Daten nicht bei der betroffenen Person erhoben werden<\/li>\n\n\n\n<li>das\n Bestehen einer automatisierten Entscheidungsfindung einschlie\u00dflich \nProfiling gem\u00e4\u00df Art. 22 Abs. 1 und 4 DSGVO und \u2013 zumindest in diesen \nF\u00e4llen \u2013 aussagekr\u00e4ftige Informationen \u00fcber die involvierte Logik sowie \ndie Tragweite und die angestrebten Auswirkungen einer derartigen \nVerarbeitung f\u00fcr die betroffene Person<\/li>\n<\/ol>\n\n\n\n<p class=\"has-small-font-size wp-block-paragraph\">Ihnen steht das Recht\n zu, Auskunft dar\u00fcber zu verlangen, ob die Sie betreffenden \npersonenbezogenen Daten in ein Drittland oder an eine internationale \nOrganisation \u00fcbermittelt werden. In diesem Zusammenhang k\u00f6nnen Sie \nverlangen, \u00fcber die geeigneten Garantien gem. Art. 46 DSGVO im \nZusammenhang mit der \u00dcbermittlung unterrichtet zu werden.\n<\/p>\n\n\n\n<h4 class=\"has-small-font-size wp-block-heading\">2. Recht auf Berichtigung <\/h4>\n\n\n\n<p class=\"has-small-font-size wp-block-paragraph\">Sie haben ein Recht auf Berichtigung und\/oder Vervollst\u00e4ndigung \ngegen\u00fcber dem Verantwortlichen, sofern die verarbeiteten \npersonenbezogenen Daten, die Sie betreffen, unrichtig oder unvollst\u00e4ndig\n sind. Der Verantwortliche hat die Berichtigung unverz\u00fcglich \nvorzunehmen.\n<\/p>\n\n\n\n<h4 class=\"has-small-font-size wp-block-heading\">3. Recht auf Einschr\u00e4nkung der Verarbeitung<\/h4>\n\n\n\n<p class=\"has-small-font-size wp-block-paragraph\">Unter den folgenden Voraussetzungen k\u00f6nnen Sie die Einschr\u00e4nkung der \nVer\u00adar\u00adbei\u00adtung der Sie betreffenden personenbezogenen Daten verlangen:<\/p>\n\n\n\n<ol class=\"has-small-font-size wp-block-list\">\n<li>wenn\n Sie die Richtigkeit der Sie betreffenden per\u00ad\u00adso\u00adnen\u00ad\u00adbe\u00ad\u00adzogenen f\u00fcr \neine Dauer bestreiten, die es dem Verantwortlichen erm\u00f6glicht, die \nRichtigkeit der personenbezogenen Daten zu \u00fcberpr\u00fcfen<\/li>\n\n\n\n<li>die \nVerarbeitung unrechtm\u00e4\u00dfig ist und Sie die L\u00f6schung der personenbezogenen\n Daten ablehnen und stattdessen die Einschr\u00e4nkung der Nutzung der \npersonenbezogenen Daten verlangen<\/li>\n\n\n\n<li>der Verantwortliche die \npersonenbezogenen Daten f\u00fcr die Zwecke der Verarbeitung nicht l\u00e4nger \nben\u00f6tigt, Sie diese jedoch zur Geltendmachung, Aus\u00fcbung oder \nVerteidigung von Rechtsanspr\u00fcchen ben\u00f6tigen, oder<\/li>\n\n\n\n<li>wenn Sie \nWiderspruch gegen die Verarbeitung gem\u00e4\u00df Art. 21 Abs. 1 DSGVO eingelegt \nhaben und noch nicht feststeht, ob die berechtigten Gr\u00fcnde des \nVerantwortlichen gegen\u00fcber Ihren Gr\u00fcnden \u00fcberwiegen.<\/li>\n<\/ol>\n\n\n\n<p class=\"has-small-font-size wp-block-paragraph\">Wurde \ndie Verarbeitung der Sie betreffenden personenbezogenen Daten \nein\u00adge\u00adschr\u00e4nkt, d\u00fcrfen diese Daten \u2013 von ihrer Speicherung abgesehen \u2013 \nnur mit Ihrer Einwilligung oder zur Geltendmachung, Aus\u00fcbung oder \nVerteidigung von Rechts\u00adanspr\u00fcchen oder zum Schutz der Rechte einer \nanderen nat\u00fcrlichen oder juristischen Person oder aus Gr\u00fcnden eines \nwichtigen \u00f6ffentlichen Interesses der Union oder eines Mitgliedstaats \nverarbeitet werden.\n<\/p>\n\n\n\n<p class=\"has-small-font-size wp-block-paragraph\">Wurde die Einschr\u00e4nkung der Verarbeitung nach den o. g. \nVoraussetzungen ein\u00adge\u00adschr\u00e4nkt, werden Sie von dem Verantwortlichen \nunterrichtet bevor die Einschr\u00e4nkung aufgehoben wird.\n<\/p>\n\n\n\n<h4 class=\"has-small-font-size wp-block-heading\">4. Recht auf L\u00f6schung<\/h4>\n\n\n\n<p class=\"has-small-font-size wp-block-paragraph\">a) L\u00f6schungspflicht <\/p>\n\n\n\n<p class=\"has-small-font-size wp-block-paragraph\">Sie k\u00f6nnen von dem Verantwortlichen verlangen, dass die Sie \nbetreffenden personenbezogenen Daten unverz\u00fcglich gel\u00f6scht werden, und \nder Verantwortliche ist verpflichtet, diese Daten unverz\u00fcglich zu \nl\u00f6schen, sofern einer der folgenden Gr\u00fcnde zutrifft:<\/p>\n\n\n\n<ol class=\"has-small-font-size wp-block-list\">\n<li>Die Sie \nbetreffenden personenbezogenen Daten sind f\u00fcr die Zwecke, f\u00fcr die sie \nerhoben oder auf sonstige Weise verarbeitet wurden, nicht mehr \nnotwendig.<\/li>\n\n\n\n<li>Sie widerrufen Ihre Einwilligung, auf die sich die \nVerarbeitung gem. Art. 6 Abs. 1 lit.&nbsp;a oder Art. 9 Abs. 2 lit. a DSGVO \nst\u00fctzte, und es fehlt an einer anderweitigen Rechtsgrundlage f\u00fcr die \nVerarbeitung. <\/li>\n\n\n\n<li>Sie legen gem. Art. 21 Abs. 1 DSGVO Widerspruch \ngegen die Verarbeitung ein, und es liegen keine vorrangigen berechtigten\n Gr\u00fcnde f\u00fcr die Verarbeitung vor, oder Sie legen gem. Art. 21 Abs. 2 \nDSGVO Widerspruch gegen die Verarbeitung ein.<\/li>\n\n\n\n<li>Die Sie betreffenden personenbezogenen Daten wurden unrechtm\u00e4\u00dfig ver\u00adar\u00adbeitet.<\/li>\n\n\n\n<li>Die\n L\u00f6schung der Sie betreffenden personenbezogenen Daten ist zur Erf\u00fcllung\n einer rechtlichen Verpflichtung nach dem Unionsrecht oder dem Recht der\n Mitgliedstaaten erforderlich, dem der Verantwortliche unterliegt. <\/li>\n\n\n\n<li>Die\n Sie betreffenden personenbezogenen Daten wurden in Bezug auf angebotene\n Dienste der Informationsgesellschaft gem\u00e4\u00df Art. 8 Abs. 1 DSGVO erhoben.<\/li>\n<\/ol>\n\n\n\n<p class=\"has-small-font-size wp-block-paragraph\">b) Information an Dritte\n<\/p>\n\n\n\n<p class=\"has-small-font-size wp-block-paragraph\">Hat der Verantwortliche die Sie betreffenden personenbezogenen Daten \n\u00f6ffentlich gemacht und ist er gem. Art. 17 Abs. 1 DSGVO zu deren \nL\u00f6schung verpflichtet, so trifft er unter Ber\u00fccksichtigung der \nverf\u00fcgbaren Technologie und der Implementierungs\u00adkosten angemessene \nMa\u00dfnahmen, auch technischer Art, um f\u00fcr die Daten\u00adver\u00adar\u00adbei\u00adtung \nVerantwortliche, die die personenbezogenen Daten verarbeiten, dar\u00fcber zu\n informieren, dass Sie als betroffene Person von ihnen die L\u00f6schung \naller Links zu diesen personenbezogenen Daten oder von Kopien oder \nReplikationen dieser personenbezogenen Daten verlangt haben.\n<\/p>\n\n\n\n<p class=\"has-small-font-size wp-block-paragraph\">c) Ausnahmen\n<\/p>\n\n\n\n<p class=\"has-small-font-size wp-block-paragraph\">Das Recht auf L\u00f6schung besteht nicht, soweit die Verarbeitung erforderlich ist<\/p>\n\n\n\n<ol class=\"has-small-font-size wp-block-list\">\n<li>zur Aus\u00fcbung des Rechts auf freie Meinungs\u00e4u\u00dferung und Information<\/li>\n\n\n\n<li>zur\n Erf\u00fcllung einer rechtlichen Verpflichtung, die die Verarbeitung nach \ndem Recht der Union oder der Mitgliedstaaten, dem der Verantwortliche \nunterliegt, erfordert, oder zur Wahrnehmung einer Aufgabe, die im \n\u00f6ffentlichen Interesse liegt oder in Aus\u00fcbung \u00f6ffentlicher Gewalt \nerfolgt, die dem Verantwortlichen \u00fcbertragen wurde<\/li>\n\n\n\n<li>aus Gr\u00fcnden \ndes \u00f6ffentlichen Interesses im Bereich der \u00f6ffentlichen Gesundheit gem\u00e4\u00df\n Art. 9 Abs. 2 lit. h und i sowie Art. 9 Abs. 3 DSGVO<\/li>\n\n\n\n<li>f\u00fcr im \n\u00f6ffentlichen Interesse liegende Archivzwecke, wissenschaftliche oder \nhistorische Forschungszwecke oder f\u00fcr statistische Zwecke gem. Art. 89 \nAbs. 1 DSGVO, soweit das unter Abschnitt a) genannte Recht \nvoraussichtlich die Verwirklichung der Ziele dieser Verarbeitung \nunm\u00f6glich macht oder ernsthaft beeintr\u00e4chtigt, oder<\/li>\n\n\n\n<li>zur Geltendmachung, Aus\u00fcbung oder Verteidigung von Rechtsanspr\u00fcchen.<\/li>\n<\/ol>\n\n\n\n<h4 class=\"has-small-font-size wp-block-heading\">5. Recht auf Unterrichtung<\/h4>\n\n\n\n<p class=\"has-small-font-size wp-block-paragraph\">Haben Sie das Recht auf Berichtigung, L\u00f6schung oder Einschr\u00e4nkung der\n Ver\u00adar\u00adbei\u00adtung gegen\u00fcber dem Verantwortlichen geltend gemacht, ist \ndieser verpflichtet, allen Empf\u00e4ngern, denen die Sie betreffenden \npersonenbezogenen Daten offengelegt wurden, diese Berichtigung oder \nL\u00f6schung der Daten oder Einschr\u00e4nkung der Verarbeitung mitzuteilen, es \nsei denn, dies erweist sich als unm\u00f6glich oder ist mit einem \nunverh\u00e4ltnism\u00e4\u00dfigen Aufwand verbunden.\n<\/p>\n\n\n\n<p class=\"has-small-font-size wp-block-paragraph\">Ihnen steht gegen\u00fcber dem Verantwortlichen das Recht zu, \u00fcber diese Empf\u00e4nger unterrichtet zu werden.\n<\/p>\n\n\n\n<h4 class=\"has-small-font-size wp-block-heading\">6. Widerspruchsrecht<\/h4>\n\n\n\n<p class=\"has-small-font-size wp-block-paragraph\">Sie haben das Recht, aus Gr\u00fcnden, die sich aus Ihrer besonderen \nSituation ergeben, jederzeit gegen die Verarbeitung der Sie betreffenden\n personenbezogenen Daten, die aufgrund von Art. 6 Abs. 1 lit. e oder f \nDSGVO erfolgt, Widerspruch einzulegen; dies gilt auch f\u00fcr ein auf diese \nBestimmungen gest\u00fctztes Profiling. \n<\/p>\n\n\n\n<p class=\"has-small-font-size wp-block-paragraph\">Der Verantwortliche verarbeitet die Sie betreffenden \npersonenbezogenen Daten nicht mehr, es sei denn, er kann zwingende \nschutzw\u00fcrdige Gr\u00fcnde f\u00fcr die Verarbeitung nachweisen, die Ihre \nInteressen, Rechte und Freiheiten \u00fcberwiegen, oder die Verarbeitung \ndient der Geltendmachung, Aus\u00fcbung oder Verteidigung von \nRechtsanspr\u00fcchen.\n<\/p>\n\n\n\n<p class=\"has-small-font-size wp-block-paragraph\">Werden die Sie betreffenden personenbezogenen Daten verarbeitet, um \nDirekt\u00adwer\u00adbung zu betreiben, haben Sie das Recht, jederzeit Widerspruch\n gegen die Ver\u00ad\u00adar\u00adbei\u00adtung der Sie betreffenden personenbezogenen Daten\n zum Zwecke derartiger Werbung einzulegen; dies gilt auch f\u00fcr das \nProfiling, soweit es mit solcher Direktwerbung in Verbindung steht.\n<\/p>\n\n\n\n<p class=\"has-small-font-size wp-block-paragraph\">Widersprechen Sie der Verarbeitung f\u00fcr Zwecke der Direktwerbung, so \nwerden die Sie betreffenden personenbezogenen Daten nicht mehr f\u00fcr diese\n Zwecke verarbeitet.\n<\/p>\n\n\n\n<p class=\"has-small-font-size wp-block-paragraph\">Sie haben die M\u00f6glichkeit, im Zusammenhang mit der Nutzung von \nDiensten der Informationsgesellschaft \u2013 ungeachtet der Richtlinie \n2002\/58\/EG \u2013 Ihr Wider\u00adspruchs\u00adrecht mittels automatisierter Verfahren \nauszu\u00fcben, bei denen technische Spezifikationen verwendet werden.\n<\/p>\n\n\n\n<h4 class=\"has-small-font-size wp-block-heading\">7. Recht auf Widerruf der datenschutzrechtlichen Einwilligungserkl\u00e4rung<\/h4>\n\n\n\n<p class=\"has-small-font-size wp-block-paragraph\">Sie haben das Recht, Ihre datenschutzrechtliche \nEinwilligungserkl\u00e4rung jederzeit zu widerrufen. Durch den Widerruf der \nEinwilligung wird die Rechtm\u00e4\u00dfigkeit der aufgrund der Einwilligung bis \nzum Widerruf erfolgten Verarbeitung nicht ber\u00fchrt.\n<\/p>\n\n\n\n<h4 class=\"has-small-font-size wp-block-heading\">8. Recht auf Beschwerde bei einer Aufsichtsbeh\u00f6rde<\/h4>\n\n\n\n<p class=\"has-small-font-size wp-block-paragraph\">Unbeschadet eines anderweitigen verwaltungsrechtlichen oder \ngerichtlichen Rechtsbehelfs steht Ihnen das Recht auf Beschwerde bei \neiner Aufsichtsbeh\u00f6rde, insbesondere in dem Mitgliedstaat Ihres \nAufenthaltsorts, Ihres Arbeitsplatzes oder des Orts des mutma\u00dflichen \nVersto\u00dfes, zu, wenn Sie der Ansicht sind, dass die Ver\u00adar\u00adbei\u00adtung der \nSie betreffenden personenbezogenen Daten gegen die DSGVO verst\u00f6\u00dft. \n<\/p>\n\n\n\n<p class=\"has-small-font-size wp-block-paragraph\">Die Aufsichtsbeh\u00f6rde, bei der die Beschwerde eingereicht wurde, \nunterrichtet den Beschwerdef\u00fchrer \u00fcber den Stand und die Ergebnisse der \nBeschwerde einschlie\u00dflich der M\u00f6glichkeit eines gerichtlichen \nRechtsbehelfs nach Art. 78 DSGVO.<\/p>\n","protected":false},"excerpt":{"rendered":"<p> &hellip;<\/p>\n","protected":false},"author":1,"featured_media":0,"parent":0,"menu_order":0,"comment_status":"closed","ping_status":"closed","template":"","meta":{"_crdt_document":"","footnotes":""},"class_list":["post-20","page","type-page","status-publish","hentry"],"_links":{"self":[{"href":"https:\/\/psychotherapie-neckarsulm.de\/index.php?rest_route=\/wp\/v2\/pages\/20","targetHints":{"allow":["GET"]}}],"collection":[{"href":"https:\/\/psychotherapie-neckarsulm.de\/index.php?rest_route=\/wp\/v2\/pages"}],"about":[{"href":"https:\/\/psychotherapie-neckarsulm.de\/index.php?rest_route=\/wp\/v2\/types\/page"}],"author":[{"embeddable":true,"href":"https:\/\/psychotherapie-neckarsulm.de\/index.php?rest_route=\/wp\/v2\/users\/1"}],"replies":[{"embeddable":true,"href":"https:\/\/psychotherapie-neckarsulm.de\/index.php?rest_route=%2Fwp%2Fv2%2Fcomments&post=20"}],"version-history":[{"count":9,"href":"https:\/\/psychotherapie-neckarsulm.de\/index.php?rest_route=\/wp\/v2\/pages\/20\/revisions"}],"predecessor-version":[{"id":156,"href":"https:\/\/psychotherapie-neckarsulm.de\/index.php?rest_route=\/wp\/v2\/pages\/20\/revisions\/156"}],"wp:attachment":[{"href":"https:\/\/psychotherapie-neckarsulm.de\/index.php?rest_route=%2Fwp%2Fv2%2Fmedia&parent=20"}],"curies":[{"name":"wp","href":"https:\/\/api.w.org\/{rel}","templated":true}]}}