{"id":13,"date":"2019-05-26T09:29:52","date_gmt":"2019-05-26T09:29:52","guid":{"rendered":"http:\/\/psychotherapie-neckarsulm.de\/?page_id=13"},"modified":"2026-03-13T09:52:32","modified_gmt":"2026-03-13T09:52:32","slug":"kontakt","status":"publish","type":"page","link":"https:\/\/psychotherapie-neckarsulm.de\/","title":{"rendered":"Dipl.-Psych. Karolin-Sofie Evers"},"content":{"rendered":"\n<p class=\"wp-block-paragraph\">Derzeit behandle ich ausschlie\u00dflich gesetzlich Versicherte.<\/p>\n\n\n\n<p class=\"wp-block-paragraph\">Telefonische Erreichbarkeit<strong> <\/strong>in der Regel  Mo, Mi, Do 08:00 &#8211; 08:25 Uhr und Mi 15:00 &#8211; 17:15 Uhr unter Tel. 0170\/ 54 24 276.<\/p>\n\n\n\n<p class=\"wp-block-paragraph\">Falls Sie mich telefonisch nicht erreichen konnten &#8211; manchmal muss ich Akuttermine in der Zeit den oben genannten Zeiten einschieben &#8211; kontaktieren Sie mich \u00fcber meine Email-Adresse <a href=\"mailto:kontakt@psychotherapie-neckarsulm.de\" target=\"_blank\" rel=\"noreferrer noopener\">kontakt@psychotherapie-neckarsulm.de<\/a>.<\/p>\n\n\n\n<p class=\"wp-block-paragraph\"><a href=\"https:\/\/www.arztsuche-bw.de\/index.php?suchen=1&amp;sorting=name&amp;direction=ASC&amp;arztgruppe=psychotherapeut&amp;id_fachgruppe=481&amp;vorname=&amp;nachname=Evers&amp;plz=&amp;ort=&amp;strasse=&amp;landkreis=\" target=\"_blank\" rel=\"noreferrer noopener\">Sprechzeiten<\/a> nur nach Vereinbarung.<\/p>\n\n\n\n<p class=\"wp-block-paragraph\">Bei der Suche nach einem freien Therapieplatz bzw. Sprechstundentermin unterst\u00fctzt Sie die Terminservice-Stelle der Kassen\u00e4rztlichen Vereinigung Baden-W\u00fcrttemberg unter der allgemeinen Service-Nummer 116 117 oder das Patiententelefon MedCall unter 0711 7875-3966 (gilt f\u00fcr gesetzlich versicherte Patient*innen)<\/p>\n\n\n\n<p class=\"wp-block-paragraph\"><strong>Rufnummern f\u00fcr Krisen bzw. f\u00fcr Beratung:<\/strong><\/p>\n\n\n\n<p class=\"wp-block-paragraph\">Hilfetelefon Gewalt gegen Frauen 08000\/ 116 016<br><br><a href=\"https:\/\/www.hilfetelefon.de\/das-hilfetelefon\/beratung\/beratung-in-gebaerdensprache.html\"><\/a>Telefon-Seelsorge 0800\/ 111 0 222 (katholisch) bzw. &nbsp;0800\/ 111 0 111 (evangelisch)<\/p>\n\n\n\n<p class=\"wp-block-paragraph\">Elterntelefon 0800\/ 111 0 550<\/p>\n\n\n\n<p class=\"wp-block-paragraph\">Konflikthotline Baden-W\u00fcrttemberg &#8211; Beratung bei Konflikten am Arbeitsplatz: 0711\/ 892 44 300<\/p>\n\n\n\n<p class=\"wp-block-paragraph\"><strong>Coaching<\/strong><\/p>\n\n\n\n<p class=\"wp-block-paragraph\">Falls Sie auf dieser Seite gelandet sind, weil Sie zwar keine psychische St\u00f6rung haben, jedoch im beruflichen und\/ oder privaten Bereich mal genauer hinschauen, sortieren und Ideen bekommen m\u00f6chten, so kann ich Ihnen diese Coaching-Adresse empfehlen: Rieke Seibold Rufnummer 0163 7066323. Homepage www.coaching-weitkraft.de.<\/p>\n\n\n\n<p class=\"wp-block-paragraph\"><\/p>\n\n\n\n<p class=\"has-normal-font-size wp-block-paragraph\"><strong>Mehr \u00fcber mich<\/strong><\/p>\n\n\n\n<p class=\"wp-block-paragraph\">Ich habe nach meinem Studium der Psychologie in Konstanz die Ausbildung in kognitiver Verhaltenstherapie am Stuttgarter Zentrum f\u00fcr Verhaltenstherapie begonnen 2009 abgeschlossen.<\/p>\n\n\n\n<p class=\"wp-block-paragraph\">EMDR biete ich ebenfalls im Rahmen der kognitiven Verhaltenstherapie an. EMDR steht f\u00fcr Eye Movement Desensitization and Reprocessing und ist sowohl eine erstaunliche als auch hoch effektive Therapiemethode zur Verarbeitung von traumatischen Erlebnissen<\/p>\n\n\n\n<p class=\"wp-block-paragraph\">Die Praxis ist eine Kooperationspraxis f\u00fcr Ausbildungsinstitute und zwar f\u00fcr die Arbeitsgemeinschaft f\u00fcr Verhaltensmodifikation AVM <a href=\"https:\/\/www.avm-d.de\/\" target=\"_blank\" rel=\"noreferrer noopener\">https:\/\/www.avm-d.de\/<\/a> und das Institut f\u00fcr Verhaltenstherapeutisch fundierte Psychotherapie <a href=\"https:\/\/www.ivs-nuernberg.de\/\">https:\/\/www.ivs-nuernberg.de\/<\/a>. In dieser Funktion biete ich f\u00fcr Ausbildungsteilnehmer der AVM und des IVS auch Einzel- und Gruppensupervision an. Nach Absprache kann auch mit anderen verhaltenstherapeutischen Ausbildungsst\u00e4tten eine Supervisionsvereinbarung getroffen werden.<\/p>\n\n\n\n<p class=\"wp-block-paragraph\"><\/p>\n\n\n\n<p class=\"wp-block-paragraph\">Au\u00dferdem biete ich Einzelselbsterfahrung f\u00fcr \u00c4rztinnen und \u00c4rzte an, die sich in Facharztweiterbildung Psychiatrie und Psychotherapie befinden.<\/p>\n","protected":false},"excerpt":{"rendered":"<p> &hellip;<\/p>\n","protected":false},"author":1,"featured_media":0,"parent":0,"menu_order":0,"comment_status":"closed","ping_status":"closed","template":"","meta":{"_crdt_document":"","footnotes":""},"class_list":["post-13","page","type-page","status-publish","hentry"],"_links":{"self":[{"href":"https:\/\/psychotherapie-neckarsulm.de\/index.php?rest_route=\/wp\/v2\/pages\/13","targetHints":{"allow":["GET"]}}],"collection":[{"href":"https:\/\/psychotherapie-neckarsulm.de\/index.php?rest_route=\/wp\/v2\/pages"}],"about":[{"href":"https:\/\/psychotherapie-neckarsulm.de\/index.php?rest_route=\/wp\/v2\/types\/page"}],"author":[{"embeddable":true,"href":"https:\/\/psychotherapie-neckarsulm.de\/index.php?rest_route=\/wp\/v2\/users\/1"}],"replies":[{"embeddable":true,"href":"https:\/\/psychotherapie-neckarsulm.de\/index.php?rest_route=%2Fwp%2Fv2%2Fcomments&post=13"}],"version-history":[{"count":56,"href":"https:\/\/psychotherapie-neckarsulm.de\/index.php?rest_route=\/wp\/v2\/pages\/13\/revisions"}],"predecessor-version":[{"id":246,"href":"https:\/\/psychotherapie-neckarsulm.de\/index.php?rest_route=\/wp\/v2\/pages\/13\/revisions\/246"}],"wp:attachment":[{"href":"https:\/\/psychotherapie-neckarsulm.de\/index.php?rest_route=%2Fwp%2Fv2%2Fmedia&parent=13"}],"curies":[{"name":"wp","href":"https:\/\/api.w.org\/{rel}","templated":true}]}}